{"id":9,"date":"2021-04-01T19:31:29","date_gmt":"2021-04-01T19:31:29","guid":{"rendered":"https:\/\/apt.parisnanterre.fr\/?page_id=9"},"modified":"2022-06-07T12:03:23","modified_gmt":"2022-06-07T12:03:23","slug":"contact","status":"publish","type":"page","link":"https:\/\/apt.parisnanterre.fr\/index.php\/contact\/","title":{"rendered":"Contact"},"content":{"rendered":"\n<p>D\u00e9partement de G\u00e9ographie<\/p>\n\n\n\n<p>UFR SSA<\/p>\n\n\n\n<p>B\u00e2timent Henri Lefebvre, bureau 214 B<\/p>\n\n\n\n<p>200, avenue de la R\u00e9publique<\/p>\n\n\n\n<p>92001 Nanterre<\/p>\n\n\n\n<p><a href=\"http:\/\/dep-geo.parisnanterre.fr\" target=\"_blank\" rel=\"noreferrer noopener\">http:\/\/dep-geo.parisnanterre.fr<\/a><\/p>\n\n\n\n<p><\/p>\n\n\n\n<hr class=\"wp-block-separator has-css-opacity\"\/>\n\n\n\n<p><\/p>\n\n\n\n<p><\/p>\n\n\n\n<p><strong>Secr\u00e9tariat des Licences<\/strong><\/p>\n\n\n\n<p>Val\u00e9rie Leroy<\/p>\n\n\n\n<p>leroy.v@parisnanterre.fr<\/p>\n\n\n\n<p>01.40.97.57.71<\/p>\n","protected":false},"excerpt":{"rendered":"<p>D\u00e9partement de G\u00e9ographie UFR SSA B\u00e2timent Henri Lefebvre, bureau 214 B 200, avenue de la R\u00e9publique 92001 Nanterre http:\/\/dep-geo.parisnanterre.fr Secr\u00e9tariat des Licences Val\u00e9rie Leroy leroy.v@parisnanterre.fr &hellip;<\/p>\n","protected":false},"author":1,"featured_media":0,"parent":0,"menu_order":0,"comment_status":"closed","ping_status":"closed","template":"","meta":{"footnotes":""},"class_list":["post-9","page","type-page","status-publish","hentry"],"_links":{"self":[{"href":"https:\/\/apt.parisnanterre.fr\/index.php\/wp-json\/wp\/v2\/pages\/9","targetHints":{"allow":["GET"]}}],"collection":[{"href":"https:\/\/apt.parisnanterre.fr\/index.php\/wp-json\/wp\/v2\/pages"}],"about":[{"href":"https:\/\/apt.parisnanterre.fr\/index.php\/wp-json\/wp\/v2\/types\/page"}],"author":[{"embeddable":true,"href":"https:\/\/apt.parisnanterre.fr\/index.php\/wp-json\/wp\/v2\/users\/1"}],"replies":[{"embeddable":true,"href":"https:\/\/apt.parisnanterre.fr\/index.php\/wp-json\/wp\/v2\/comments?post=9"}],"version-history":[{"count":3,"href":"https:\/\/apt.parisnanterre.fr\/index.php\/wp-json\/wp\/v2\/pages\/9\/revisions"}],"predecessor-version":[{"id":609,"href":"https:\/\/apt.parisnanterre.fr\/index.php\/wp-json\/wp\/v2\/pages\/9\/revisions\/609"}],"wp:attachment":[{"href":"https:\/\/apt.parisnanterre.fr\/index.php\/wp-json\/wp\/v2\/media?parent=9"}],"curies":[{"name":"wp","href":"https:\/\/api.w.org\/{rel}","templated":true}]}}