{"id":8,"date":"2021-04-01T19:31:29","date_gmt":"2021-04-01T19:31:29","guid":{"rendered":"https:\/\/apt.parisnanterre.fr\/?page_id=8"},"modified":"2023-10-16T21:08:27","modified_gmt":"2023-10-16T21:08:27","slug":"a-propos-de","status":"publish","type":"page","link":"https:\/\/apt.parisnanterre.fr\/index.php\/a-propos-de\/","title":{"rendered":"Qui sommes-nous ?"},"content":{"rendered":"\n<p style=\"font-size:22px\">La pratique du terrain occupe une place importante dans les \u00e9tudes de g\u00e9ographie-am\u00e9nagement \u00e0 l&rsquo;Universit\u00e9 de Paris Nanterre.&nbsp;<\/p>\n\n\n\n<p style=\"font-size:22px\">\u00c9tudiants g\u00e9ographes \u00e0 Nanterre\u202fen 2e ann\u00e9e, nous vous proposons de vous amener avec nous sur le terrain,\u202fsimples curieux ou fins connaisseurs\u202fque vous \u00eates. D\u00e9couvrez par o\u00f9 nous sommes pass\u00e9s, nos h\u00e9sitations, nos observations, nos exp\u00e9riences, nos souvenirs&#8230;\u202f&nbsp;<\/p>\n\n\n\n<p style=\"font-size:22px\">Vous trouverez ici\u202fune trace\u202fde\u202fnotre premi\u00e8re exp\u00e9rience de terrain, renouvel\u00e9e chaque ann\u00e9e par de nouveaux \u00e9tudiants.\u202f&nbsp;<\/p>\n\n\n\n<p style=\"font-size:22px\">Peut-\u00eatre serez-vous d&rsquo;ailleurs le prochain \u00e0\u202ffaire vivre ce carnet virtuel\u202f!&nbsp;<\/p>\n\n\n\n<p><\/p>\n\n\n\n<p class=\"has-text-align-center has-headings-color has-text-color\" style=\"font-size:28px\"><strong>STAGE FEVRIER 2020 SUR LE LITTORAL NORMAND<\/strong><\/p>\n\n\n\n<figure class=\"wp-block-image size-full\"><a href=\"https:\/\/vimeo.com\/507409200\/302fde9984\"><img loading=\"lazy\" decoding=\"async\" width=\"964\" height=\"498\" src=\"https:\/\/apt.parisnanterre.fr\/wp-content\/uploads\/2023\/10\/normand.jpg\" alt=\"\" class=\"wp-image-776\" srcset=\"https:\/\/apt.parisnanterre.fr\/wp-content\/uploads\/2023\/10\/normand.jpg 964w, https:\/\/apt.parisnanterre.fr\/wp-content\/uploads\/2023\/10\/normand-300x155.jpg 300w, https:\/\/apt.parisnanterre.fr\/wp-content\/uploads\/2023\/10\/normand-768x397.jpg 768w, https:\/\/apt.parisnanterre.fr\/wp-content\/uploads\/2023\/10\/normand-581x300.jpg 581w\" sizes=\"auto, (max-width: 964px) 100vw, 964px\" \/><\/a><figcaption><span class=\"media-credit\">Audrey Bochaton<\/span><\/figcaption><\/figure>\n\n\n\n<p>Ce film a \u00e9t\u00e9 r\u00e9alis\u00e9 par Anne Germaine et Imane Messaoudi<\/p>\n\n\n\n<p><\/p>\n\n\n\n<p class=\"has-text-align-center has-headings-color has-text-color has-large-font-size\"><strong>STAGE MAI 2021 A OUISTREHAM<\/strong><\/p>\n\n\n\n<div class=\"wp-block-columns is-layout-flex wp-container-core-columns-is-layout-9d6595d7 wp-block-columns-is-layout-flex\">\n<div class=\"wp-block-column is-layout-flow wp-block-column-is-layout-flow\" style=\"flex-basis:100%\">\n<div class=\"wp-block-group\"><div class=\"wp-block-group__inner-container is-layout-flow wp-block-group-is-layout-flow\">\n<figure class=\"wp-block-gallery has-nested-images columns-default is-cropped wp-block-gallery-1 is-layout-flex wp-block-gallery-is-layout-flex\">\n<figure class=\"wp-block-image size-large\"><img loading=\"lazy\" decoding=\"async\" width=\"1414\" height=\"1414\" data-id=\"665\" src=\"https:\/\/apt.parisnanterre.fr\/wp-content\/uploads\/2022\/06\/IMG_20210519_154556_light.jpg\" alt=\"\" class=\"wp-image-665\" srcset=\"https:\/\/apt.parisnanterre.fr\/wp-content\/uploads\/2022\/06\/IMG_20210519_154556_light.jpg 1414w, https:\/\/apt.parisnanterre.fr\/wp-content\/uploads\/2022\/06\/IMG_20210519_154556_light-300x300.jpg 300w, https:\/\/apt.parisnanterre.fr\/wp-content\/uploads\/2022\/06\/IMG_20210519_154556_light-1024x1024.jpg 1024w, https:\/\/apt.parisnanterre.fr\/wp-content\/uploads\/2022\/06\/IMG_20210519_154556_light-150x150.jpg 150w, https:\/\/apt.parisnanterre.fr\/wp-content\/uploads\/2022\/06\/IMG_20210519_154556_light-768x768.jpg 768w\" sizes=\"auto, (max-width: 1414px) 100vw, 1414px\" \/><figcaption><span class=\"media-credit\"><a href=\"https:\/\/apt.parisnanterre.fr\/index.php\/author\/abochaton\/\">admin<\/a> | Nanterrain<\/span><\/figcaption><\/figure>\n\n\n\n<figure class=\"wp-block-image size-large\"><img loading=\"lazy\" decoding=\"async\" width=\"1414\" height=\"1414\" data-id=\"664\" src=\"https:\/\/apt.parisnanterre.fr\/wp-content\/uploads\/2022\/06\/IMG_20210519_105304_light.jpg\" alt=\"\" class=\"wp-image-664\" srcset=\"https:\/\/apt.parisnanterre.fr\/wp-content\/uploads\/2022\/06\/IMG_20210519_105304_light.jpg 1414w, https:\/\/apt.parisnanterre.fr\/wp-content\/uploads\/2022\/06\/IMG_20210519_105304_light-300x300.jpg 300w, https:\/\/apt.parisnanterre.fr\/wp-content\/uploads\/2022\/06\/IMG_20210519_105304_light-1024x1024.jpg 1024w, https:\/\/apt.parisnanterre.fr\/wp-content\/uploads\/2022\/06\/IMG_20210519_105304_light-150x150.jpg 150w, https:\/\/apt.parisnanterre.fr\/wp-content\/uploads\/2022\/06\/IMG_20210519_105304_light-768x768.jpg 768w\" sizes=\"auto, (max-width: 1414px) 100vw, 1414px\" \/><figcaption><span class=\"media-credit\"><a href=\"https:\/\/apt.parisnanterre.fr\/index.php\/author\/abochaton\/\">admin<\/a> | Nanterrain<\/span><\/figcaption><\/figure>\n\n\n\n<figure class=\"wp-block-image size-large\"><img loading=\"lazy\" decoding=\"async\" width=\"1414\" height=\"1414\" data-id=\"663\" src=\"https:\/\/apt.parisnanterre.fr\/wp-content\/uploads\/2022\/06\/IMG_20210519_105211_light.jpg\" alt=\"\" class=\"wp-image-663\" srcset=\"https:\/\/apt.parisnanterre.fr\/wp-content\/uploads\/2022\/06\/IMG_20210519_105211_light.jpg 1414w, https:\/\/apt.parisnanterre.fr\/wp-content\/uploads\/2022\/06\/IMG_20210519_105211_light-300x300.jpg 300w, https:\/\/apt.parisnanterre.fr\/wp-content\/uploads\/2022\/06\/IMG_20210519_105211_light-1024x1024.jpg 1024w, https:\/\/apt.parisnanterre.fr\/wp-content\/uploads\/2022\/06\/IMG_20210519_105211_light-150x150.jpg 150w, https:\/\/apt.parisnanterre.fr\/wp-content\/uploads\/2022\/06\/IMG_20210519_105211_light-768x768.jpg 768w\" sizes=\"auto, (max-width: 1414px) 100vw, 1414px\" \/><figcaption><span class=\"media-credit\"><a href=\"https:\/\/apt.parisnanterre.fr\/index.php\/author\/abochaton\/\">admin<\/a> | Nanterrain<\/span><\/figcaption><\/figure>\n\n\n\n<figure class=\"wp-block-image size-large\"><img loading=\"lazy\" decoding=\"async\" width=\"1414\" height=\"1414\" data-id=\"662\" src=\"https:\/\/apt.parisnanterre.fr\/wp-content\/uploads\/2022\/06\/IMG_20210518_161139_light.jpg\" alt=\"\" class=\"wp-image-662\" srcset=\"https:\/\/apt.parisnanterre.fr\/wp-content\/uploads\/2022\/06\/IMG_20210518_161139_light.jpg 1414w, https:\/\/apt.parisnanterre.fr\/wp-content\/uploads\/2022\/06\/IMG_20210518_161139_light-300x300.jpg 300w, https:\/\/apt.parisnanterre.fr\/wp-content\/uploads\/2022\/06\/IMG_20210518_161139_light-1024x1024.jpg 1024w, https:\/\/apt.parisnanterre.fr\/wp-content\/uploads\/2022\/06\/IMG_20210518_161139_light-150x150.jpg 150w, https:\/\/apt.parisnanterre.fr\/wp-content\/uploads\/2022\/06\/IMG_20210518_161139_light-768x768.jpg 768w\" sizes=\"auto, (max-width: 1414px) 100vw, 1414px\" \/><figcaption><span class=\"media-credit\"><a href=\"https:\/\/apt.parisnanterre.fr\/index.php\/author\/abochaton\/\">admin<\/a> | Nanterrain<\/span><\/figcaption><\/figure>\n\n\n\n<figure class=\"wp-block-image size-large\"><img loading=\"lazy\" decoding=\"async\" width=\"1414\" height=\"1414\" data-id=\"661\" src=\"https:\/\/apt.parisnanterre.fr\/wp-content\/uploads\/2022\/06\/IMG_20210518_115534_light.jpg\" alt=\"\" class=\"wp-image-661\" srcset=\"https:\/\/apt.parisnanterre.fr\/wp-content\/uploads\/2022\/06\/IMG_20210518_115534_light.jpg 1414w, https:\/\/apt.parisnanterre.fr\/wp-content\/uploads\/2022\/06\/IMG_20210518_115534_light-300x300.jpg 300w, https:\/\/apt.parisnanterre.fr\/wp-content\/uploads\/2022\/06\/IMG_20210518_115534_light-1024x1024.jpg 1024w, https:\/\/apt.parisnanterre.fr\/wp-content\/uploads\/2022\/06\/IMG_20210518_115534_light-150x150.jpg 150w, https:\/\/apt.parisnanterre.fr\/wp-content\/uploads\/2022\/06\/IMG_20210518_115534_light-768x768.jpg 768w\" sizes=\"auto, (max-width: 1414px) 100vw, 1414px\" \/><figcaption><span class=\"media-credit\"><a href=\"https:\/\/apt.parisnanterre.fr\/index.php\/author\/abochaton\/\">admin<\/a> | Nanterrain<\/span><\/figcaption><\/figure>\n<\/figure>\n<\/div><\/div>\n<\/div>\n<\/div>\n\n\n\n<p><\/p>\n\n\n\n<p class=\"has-text-align-center has-headings-color has-text-color has-large-font-size\"><strong>STAGE MAI 2022 A DIE<\/strong><\/p>\n\n\n\n<p><\/p>\n\n\n\n<figure class=\"wp-block-gallery has-nested-images columns-default is-cropped wp-block-gallery-2 is-layout-flex wp-block-gallery-is-layout-flex\">\n<figure class=\"wp-block-image size-large\"><img loading=\"lazy\" decoding=\"async\" width=\"1632\" height=\"1224\" data-id=\"680\" src=\"https:\/\/apt.parisnanterre.fr\/wp-content\/uploads\/2022\/06\/IMG_20220520_065759_light.jpg\" alt=\"\" class=\"wp-image-680\" srcset=\"https:\/\/apt.parisnanterre.fr\/wp-content\/uploads\/2022\/06\/IMG_20220520_065759_light.jpg 1632w, https:\/\/apt.parisnanterre.fr\/wp-content\/uploads\/2022\/06\/IMG_20220520_065759_light-300x225.jpg 300w, https:\/\/apt.parisnanterre.fr\/wp-content\/uploads\/2022\/06\/IMG_20220520_065759_light-1024x768.jpg 1024w, https:\/\/apt.parisnanterre.fr\/wp-content\/uploads\/2022\/06\/IMG_20220520_065759_light-768x576.jpg 768w, https:\/\/apt.parisnanterre.fr\/wp-content\/uploads\/2022\/06\/IMG_20220520_065759_light-1536x1152.jpg 1536w, https:\/\/apt.parisnanterre.fr\/wp-content\/uploads\/2022\/06\/IMG_20220520_065759_light-400x300.jpg 400w\" sizes=\"auto, (max-width: 1632px) 100vw, 1632px\" \/><figcaption><span class=\"media-credit\"><a href=\"https:\/\/apt.parisnanterre.fr\/index.php\/author\/abochaton\/\">admin<\/a> | Nanterrain<\/span><\/figcaption><\/figure>\n\n\n\n<figure class=\"wp-block-image size-large\"><img loading=\"lazy\" decoding=\"async\" width=\"768\" height=\"1024\" data-id=\"699\" src=\"https:\/\/apt.parisnanterre.fr\/wp-content\/uploads\/2022\/06\/IMG-20220624-WA0001-768x1024.jpg\" alt=\"\" class=\"wp-image-699\" srcset=\"https:\/\/apt.parisnanterre.fr\/wp-content\/uploads\/2022\/06\/IMG-20220624-WA0001-768x1024.jpg 768w, https:\/\/apt.parisnanterre.fr\/wp-content\/uploads\/2022\/06\/IMG-20220624-WA0001-225x300.jpg 225w, https:\/\/apt.parisnanterre.fr\/wp-content\/uploads\/2022\/06\/IMG-20220624-WA0001-1152x1536.jpg 1152w, https:\/\/apt.parisnanterre.fr\/wp-content\/uploads\/2022\/06\/IMG-20220624-WA0001.jpg 1200w\" sizes=\"auto, (max-width: 768px) 100vw, 768px\" \/><figcaption><span class=\"media-credit\"><a href=\"https:\/\/apt.parisnanterre.fr\/index.php\/author\/abochaton\/\">admin<\/a> | Nanterrain<\/span><\/figcaption><\/figure>\n\n\n\n<figure class=\"wp-block-image size-large\"><img loading=\"lazy\" decoding=\"async\" width=\"1632\" height=\"1224\" data-id=\"678\" src=\"https:\/\/apt.parisnanterre.fr\/wp-content\/uploads\/2022\/06\/IMG_20220519_201433_light.jpg\" alt=\"\" class=\"wp-image-678\" srcset=\"https:\/\/apt.parisnanterre.fr\/wp-content\/uploads\/2022\/06\/IMG_20220519_201433_light.jpg 1632w, https:\/\/apt.parisnanterre.fr\/wp-content\/uploads\/2022\/06\/IMG_20220519_201433_light-300x225.jpg 300w, https:\/\/apt.parisnanterre.fr\/wp-content\/uploads\/2022\/06\/IMG_20220519_201433_light-1024x768.jpg 1024w, https:\/\/apt.parisnanterre.fr\/wp-content\/uploads\/2022\/06\/IMG_20220519_201433_light-768x576.jpg 768w, https:\/\/apt.parisnanterre.fr\/wp-content\/uploads\/2022\/06\/IMG_20220519_201433_light-1536x1152.jpg 1536w, https:\/\/apt.parisnanterre.fr\/wp-content\/uploads\/2022\/06\/IMG_20220519_201433_light-400x300.jpg 400w\" sizes=\"auto, (max-width: 1632px) 100vw, 1632px\" \/><figcaption><span class=\"media-credit\"><a href=\"https:\/\/apt.parisnanterre.fr\/index.php\/author\/abochaton\/\">admin<\/a> | Nanterrain<\/span><\/figcaption><\/figure>\n\n\n\n<figure class=\"wp-block-image size-large\"><img loading=\"lazy\" decoding=\"async\" width=\"1224\" height=\"1632\" data-id=\"677\" src=\"https:\/\/apt.parisnanterre.fr\/wp-content\/uploads\/2022\/06\/IMG_20220519_163516_light.jpg\" alt=\"\" class=\"wp-image-677\" srcset=\"https:\/\/apt.parisnanterre.fr\/wp-content\/uploads\/2022\/06\/IMG_20220519_163516_light.jpg 1224w, https:\/\/apt.parisnanterre.fr\/wp-content\/uploads\/2022\/06\/IMG_20220519_163516_light-225x300.jpg 225w, https:\/\/apt.parisnanterre.fr\/wp-content\/uploads\/2022\/06\/IMG_20220519_163516_light-768x1024.jpg 768w, https:\/\/apt.parisnanterre.fr\/wp-content\/uploads\/2022\/06\/IMG_20220519_163516_light-1152x1536.jpg 1152w\" sizes=\"auto, (max-width: 1224px) 100vw, 1224px\" \/><figcaption><span class=\"media-credit\"><a href=\"https:\/\/apt.parisnanterre.fr\/index.php\/author\/abochaton\/\">admin<\/a> | Nanterrain<\/span><\/figcaption><\/figure>\n\n\n\n<figure class=\"wp-block-image size-large\"><img loading=\"lazy\" decoding=\"async\" width=\"1632\" height=\"1224\" data-id=\"676\" src=\"https:\/\/apt.parisnanterre.fr\/wp-content\/uploads\/2022\/06\/IMG_20220519_162931_light.jpg\" alt=\"\" class=\"wp-image-676\" srcset=\"https:\/\/apt.parisnanterre.fr\/wp-content\/uploads\/2022\/06\/IMG_20220519_162931_light.jpg 1632w, https:\/\/apt.parisnanterre.fr\/wp-content\/uploads\/2022\/06\/IMG_20220519_162931_light-300x225.jpg 300w, https:\/\/apt.parisnanterre.fr\/wp-content\/uploads\/2022\/06\/IMG_20220519_162931_light-1024x768.jpg 1024w, https:\/\/apt.parisnanterre.fr\/wp-content\/uploads\/2022\/06\/IMG_20220519_162931_light-768x576.jpg 768w, https:\/\/apt.parisnanterre.fr\/wp-content\/uploads\/2022\/06\/IMG_20220519_162931_light-1536x1152.jpg 1536w, https:\/\/apt.parisnanterre.fr\/wp-content\/uploads\/2022\/06\/IMG_20220519_162931_light-400x300.jpg 400w\" sizes=\"auto, (max-width: 1632px) 100vw, 1632px\" \/><figcaption><span class=\"media-credit\"><a href=\"https:\/\/apt.parisnanterre.fr\/index.php\/author\/abochaton\/\">admin<\/a> | Nanterrain<\/span><\/figcaption><\/figure>\n\n\n\n<figure class=\"wp-block-image size-large\"><img loading=\"lazy\" decoding=\"async\" width=\"1632\" height=\"1224\" data-id=\"675\" src=\"https:\/\/apt.parisnanterre.fr\/wp-content\/uploads\/2022\/06\/IMG_20220518_115707_light.jpg\" alt=\"\" class=\"wp-image-675\" srcset=\"https:\/\/apt.parisnanterre.fr\/wp-content\/uploads\/2022\/06\/IMG_20220518_115707_light.jpg 1632w, https:\/\/apt.parisnanterre.fr\/wp-content\/uploads\/2022\/06\/IMG_20220518_115707_light-300x225.jpg 300w, https:\/\/apt.parisnanterre.fr\/wp-content\/uploads\/2022\/06\/IMG_20220518_115707_light-1024x768.jpg 1024w, https:\/\/apt.parisnanterre.fr\/wp-content\/uploads\/2022\/06\/IMG_20220518_115707_light-768x576.jpg 768w, https:\/\/apt.parisnanterre.fr\/wp-content\/uploads\/2022\/06\/IMG_20220518_115707_light-1536x1152.jpg 1536w, https:\/\/apt.parisnanterre.fr\/wp-content\/uploads\/2022\/06\/IMG_20220518_115707_light-400x300.jpg 400w\" sizes=\"auto, (max-width: 1632px) 100vw, 1632px\" \/><figcaption><span class=\"media-credit\"><a href=\"https:\/\/apt.parisnanterre.fr\/index.php\/author\/abochaton\/\">admin<\/a> | Nanterrain<\/span><\/figcaption><\/figure>\n<\/figure>\n","protected":false},"excerpt":{"rendered":"<p>La pratique du terrain occupe une place importante dans les \u00e9tudes de g\u00e9ographie-am\u00e9nagement \u00e0 l&rsquo;Universit\u00e9 de Paris Nanterre.&nbsp; \u00c9tudiants g\u00e9ographes \u00e0 Nanterre\u202fen 2e ann\u00e9e, nous &hellip;<\/p>\n","protected":false},"author":1,"featured_media":0,"parent":0,"menu_order":0,"comment_status":"closed","ping_status":"closed","template":"","meta":{"footnotes":""},"class_list":["post-8","page","type-page","status-publish","hentry"],"_links":{"self":[{"href":"https:\/\/apt.parisnanterre.fr\/index.php\/wp-json\/wp\/v2\/pages\/8","targetHints":{"allow":["GET"]}}],"collection":[{"href":"https:\/\/apt.parisnanterre.fr\/index.php\/wp-json\/wp\/v2\/pages"}],"about":[{"href":"https:\/\/apt.parisnanterre.fr\/index.php\/wp-json\/wp\/v2\/types\/page"}],"author":[{"embeddable":true,"href":"https:\/\/apt.parisnanterre.fr\/index.php\/wp-json\/wp\/v2\/users\/1"}],"replies":[{"embeddable":true,"href":"https:\/\/apt.parisnanterre.fr\/index.php\/wp-json\/wp\/v2\/comments?post=8"}],"version-history":[{"count":25,"href":"https:\/\/apt.parisnanterre.fr\/index.php\/wp-json\/wp\/v2\/pages\/8\/revisions"}],"predecessor-version":[{"id":781,"href":"https:\/\/apt.parisnanterre.fr\/index.php\/wp-json\/wp\/v2\/pages\/8\/revisions\/781"}],"wp:attachment":[{"href":"https:\/\/apt.parisnanterre.fr\/index.php\/wp-json\/wp\/v2\/media?parent=8"}],"curies":[{"name":"wp","href":"https:\/\/api.w.org\/{rel}","templated":true}]}}