{"id":490,"date":"2021-06-09T14:15:41","date_gmt":"2021-06-09T14:15:41","guid":{"rendered":"https:\/\/apt.parisnanterre.fr\/?page_id=490"},"modified":"2023-10-16T20:06:36","modified_gmt":"2023-10-16T20:06:36","slug":"posters","status":"publish","type":"page","link":"https:\/\/apt.parisnanterre.fr\/index.php\/posters\/","title":{"rendered":"Posters"},"content":{"rendered":"\n<h2 class=\"wp-block-heading has-text-align-left\">ANNEE 2022-2023 <\/h2>\n\n\n\n<p><strong>Die<\/strong><\/p>\n\n\n\n<ul class=\"wp-block-list\">\n<li><a href=\"https:\/\/apt.parisnanterre.fr\/wp-content\/uploads\/2023\/10\/Le-paysage-sonore-Semaine-de-terrain-a-Die-POSTER.pdf\">Le paysage sonore de la ville de Die<\/a><\/li>\n\n\n\n<li><a href=\"https:\/\/apt.parisnanterre.fr\/wp-content\/uploads\/2023\/10\/Tourisme_light2.jpg\">Les am\u00e9nagement et \u00e9quipements touristiques \u00e0 Die<\/a><\/li>\n\n\n\n<li><a href=\"https:\/\/apt.parisnanterre.fr\/wp-content\/uploads\/2023\/10\/Poster-DIE-JARDIN-SARRBETTAHARKONTE.pdf\">Les jardins collectifs \u00e0 Die<\/a><\/li>\n\n\n\n<li><a href=\"https:\/\/apt.parisnanterre.fr\/wp-content\/uploads\/2023\/10\/Poster-Die-riviere-baignade.pdf\">Formes et usages des berges \u00e0 Die<\/a><\/li>\n\n\n\n<li><a href=\"https:\/\/apt.parisnanterre.fr\/wp-content\/uploads\/2023\/10\/POSTER-FINAL-VIEILLIR-A-DIE.pdf\">Vieillir \u00e0 Die<\/a><\/li>\n\n\n\n<li><a href=\"https:\/\/apt.parisnanterre.fr\/wp-content\/uploads\/2023\/10\/poster-secheresse-drome.pdf\">Episodes de s\u00e9cheresse sur la rivi\u00e8re Dr\u00f4me<\/a><\/li>\n\n\n\n<li><a href=\"https:\/\/apt.parisnanterre.fr\/wp-content\/uploads\/2023\/10\/Politiques_VELO.png\">Politiques cyclables et pratiques du v\u00e9lo \u00e0 Die<\/a><\/li>\n\n\n\n<li><a href=\"https:\/\/apt.parisnanterre.fr\/wp-content\/uploads\/2023\/10\/PP-logement-alternatif.pdf\">Die, laboratoire de logements alternatifs<\/a><\/li>\n\n\n\n<li><a href=\"https:\/\/apt.parisnanterre.fr\/wp-content\/uploads\/2023\/10\/Lavande_light2.jpg\">Culture de la lavande dans le Diois<\/a><\/li>\n<\/ul>\n\n\n\n<p>Ile-de-France<\/p>\n\n\n\n<ul class=\"wp-block-list\">\n<li><a href=\"https:\/\/apt.parisnanterre.fr\/wp-content\/uploads\/2023\/10\/Jardin-collectif-de-la-Croix-Blanc.pdf\">Jardin collectif de la Croix Blanche (Chatenay Malabry)<\/a><\/li>\n\n\n\n<li><a href=\"https:\/\/apt.parisnanterre.fr\/wp-content\/uploads\/2023\/10\/LES-POTAGERS-URBAINS-A-MALAKOFF.pdf\">Les potagers urbains \u00e0 Malakoff<\/a><\/li>\n<\/ul>\n\n\n\n<h2 class=\"wp-block-heading has-text-align-left\">ANNEE 2021-2022 <\/h2>\n\n\n\n<h3 class=\"wp-block-heading\">  Die<\/h3>\n\n\n\n<ul class=\"wp-block-list\">\n<li><a href=\"https:\/\/apt.parisnanterre.fr\/wp-content\/uploads\/2022\/06\/Acces-a-la-culture-Die.pdf\">La culture \u00e0 Die : une diversit\u00e9 d&rsquo;acteurs dans un secteur au poids disproportionn\u00e9<\/a><\/li>\n\n\n\n<li><a href=\"https:\/\/apt.parisnanterre.fr\/wp-content\/uploads\/2022\/06\/Jeunesse-Die_compressed.pdf\">Quelles ressources le territoire diois offre-t-il \u00e0 sa jeunesse et quelles en sont les limites?<\/a><\/li>\n\n\n\n<li><a href=\"https:\/\/apt.parisnanterre.fr\/wp-content\/uploads\/2022\/06\/Neoruraux-Die_compressed.pdf\">L&rsquo;installation des n\u00e9o-habitants sur le territoire diois : des dynamiques urbaines aux enjeux fonciers<\/a><\/li>\n\n\n\n<li><a href=\"https:\/\/apt.parisnanterre.fr\/wp-content\/uploads\/2022\/06\/Les-commerces-Die_compressed.pdf\">Les commerces diois : entre vacance et dynamisme<\/a><\/li>\n\n\n\n<li><a href=\"https:\/\/apt.parisnanterre.fr\/wp-content\/uploads\/2022\/06\/Circuits-courts-Die.pdf\">Les circuits courts \u00e0 Die<\/a><\/li>\n\n\n\n<li><a href=\"https:\/\/apt.parisnanterre.fr\/wp-content\/uploads\/2022\/06\/Plantes-Aromatiques-Die_compressed.pdf\">La production de plantes aromatiques dans le pays Diois<\/a><\/li>\n\n\n\n<li><a href=\"https:\/\/apt.parisnanterre.fr\/wp-content\/uploads\/2022\/06\/Viticulture_compressed.pdf\">La viticulture Dioise : une singularit\u00e9 qui la confronte \u00e0 divers enjeux<\/a><\/li>\n\n\n\n<li><a href=\"https:\/\/apt.parisnanterre.fr\/wp-content\/uploads\/2022\/06\/Viticulture_ChangementsGlobaux_Die_compressed.pdf\">La Clairette de Die, une AOC face \u00e0 des changements globaux<\/a><\/li>\n\n\n\n<li><a href=\"https:\/\/apt.parisnanterre.fr\/wp-content\/uploads\/2022\/06\/Agriculture-Die.pdf\">L&rsquo;agriculture biologique au sein de la Biovall\u00e9e<\/a><\/li>\n\n\n\n<li><a href=\"https:\/\/apt.parisnanterre.fr\/wp-content\/uploads\/2022\/06\/covoiturage-solidaire-Die.pdf\">Covoiturage solidaire dans le Diois<\/a><\/li>\n<\/ul>\n\n\n\n<h3 class=\"wp-block-heading\">  <strong>Ile-de-France<\/strong><\/h3>\n\n\n\n<ul class=\"wp-block-list\">\n<li><a href=\"https:\/\/apt.parisnanterre.fr\/wp-content\/uploads\/2022\/07\/Butte-Orgemont-Argenteuil.pdf\">L\u2019am\u00e9nagement de l\u2019espace naturel de la butte d&rsquo;Orgemont \u00e0 Argenteuil<\/a><\/li>\n\n\n\n<li><a href=\"https:\/\/apt.parisnanterre.fr\/wp-content\/uploads\/2022\/07\/Limeil-Brevannes.pdf\">Les mobilit\u00e9s \u00e0 Limeil-Br\u00e9vannes : un d\u00e9fi pour la municipalit\u00e9 depuis la d\u00e9mographie galopante<\/a><\/li>\n<\/ul>\n\n\n\n<h2 class=\"wp-block-heading has-text-align-left\">ANNEE 2020-2021 &#8211; Ouistreham<\/h2>\n\n\n\n<ul class=\"wp-block-list\">\n<li><a rel=\"noreferrer noopener\" href=\"https:\/\/apt.parisnanterre.fr\/wp-content\/uploads\/2021\/06\/Lion-sur-Mer_compressed.pdf\" target=\"_blank\">La reconversion fonctionnelle de la station baln\u00e9aire de Lion-sur-mer (Calvados)<\/a><\/li>\n\n\n\n<li><a rel=\"noreferrer noopener\" href=\"https:\/\/apt.parisnanterre.fr\/wp-content\/uploads\/2021\/06\/transports_poster.pdf\" target=\"_blank\">L&rsquo;utilisation des transports sur les communes du littoral de Caen la mer<\/a><\/li>\n\n\n\n<li><a rel=\"noreferrer noopener\" href=\"https:\/\/apt.parisnanterre.fr\/wp-content\/uploads\/2021\/06\/Poster_Pointe_du_Siege-FINAL_compressed-1.pdf\" target=\"_blank\">Marginalit\u00e9 et int\u00e9gration de la pointe du Si\u00e8ge \u00e0 Ouistreham<\/a><\/li>\n\n\n\n<li><a rel=\"noreferrer noopener\" href=\"https:\/\/apt.parisnanterre.fr\/wp-content\/uploads\/2021\/06\/Poster-Canal-de-Caen.pdf\" target=\"_blank\">Le canal de Caen \u00e0 la mer : un espace en recomposition aux activit\u00e9s plurielles<\/a><\/li>\n\n\n\n<li><a rel=\"noreferrer noopener\" href=\"https:\/\/apt.parisnanterre.fr\/wp-content\/uploads\/2021\/06\/Poster-Erosion_compressed-1.pdf\" target=\"_blank\">Des am\u00e9nagements pour un littoral fragile face \u00e0 l&rsquo;\u00e9rosion<\/a><\/li>\n\n\n\n<li><a rel=\"noreferrer noopener\" href=\"https:\/\/apt.parisnanterre.fr\/wp-content\/uploads\/2021\/06\/Amenagements_Ouistreham.pdf\" target=\"_blank\">En quoi les diff\u00e9rents types d&rsquo;am\u00e9nagements ont-ils fa\u00e7onn\u00e9 la forme du paysage du littoral entre Lion-sur-Mer et Ouistreham ?<\/a><\/li>\n<\/ul>\n\n\n\n<p><\/p>\n\n\n\n<p><\/p>\n","protected":false},"excerpt":{"rendered":"<p>ANNEE 2022-2023 Die Ile-de-France ANNEE 2021-2022 Die Ile-de-France ANNEE 2020-2021 &#8211; Ouistreham<\/p>\n","protected":false},"author":1,"featured_media":0,"parent":0,"menu_order":0,"comment_status":"closed","ping_status":"closed","template":"","meta":{"footnotes":""},"class_list":["post-490","page","type-page","status-publish","hentry"],"_links":{"self":[{"href":"https:\/\/apt.parisnanterre.fr\/index.php\/wp-json\/wp\/v2\/pages\/490","targetHints":{"allow":["GET"]}}],"collection":[{"href":"https:\/\/apt.parisnanterre.fr\/index.php\/wp-json\/wp\/v2\/pages"}],"about":[{"href":"https:\/\/apt.parisnanterre.fr\/index.php\/wp-json\/wp\/v2\/types\/page"}],"author":[{"embeddable":true,"href":"https:\/\/apt.parisnanterre.fr\/index.php\/wp-json\/wp\/v2\/users\/1"}],"replies":[{"embeddable":true,"href":"https:\/\/apt.parisnanterre.fr\/index.php\/wp-json\/wp\/v2\/comments?post=490"}],"version-history":[{"count":28,"href":"https:\/\/apt.parisnanterre.fr\/index.php\/wp-json\/wp\/v2\/pages\/490\/revisions"}],"predecessor-version":[{"id":740,"href":"https:\/\/apt.parisnanterre.fr\/index.php\/wp-json\/wp\/v2\/pages\/490\/revisions\/740"}],"wp:attachment":[{"href":"https:\/\/apt.parisnanterre.fr\/index.php\/wp-json\/wp\/v2\/media?parent=490"}],"curies":[{"name":"wp","href":"https:\/\/api.w.org\/{rel}","templated":true}]}}